{"id":2007,"date":"2025-06-10T20:58:12","date_gmt":"2025-06-10T23:58:12","guid":{"rendered":"https:\/\/selosraros.com.br\/?page_id=2007"},"modified":"2025-07-07T13:27:26","modified_gmt":"2025-07-07T16:27:26","slug":"manual-do-vendedor","status":"publish","type":"page","link":"https:\/\/selosraros.com.br\/?page_id=2007","title":{"rendered":"Manual do Vendedor"},"content":{"rendered":"\n<h2 class=\"wp-block-heading has-medium-font-size\">1 &#8211; Primeiro clique em Cadastre-se<\/h2>\n\n\n\n<figure class=\"wp-block-image size-full\"><img loading=\"lazy\" decoding=\"async\" width=\"954\" height=\"178\" src=\"https:\/\/selosraros.com.br\/wp-content\/uploads\/2025\/07\/salmeron-2.jpg\" alt=\"\" class=\"wp-image-2016\" srcset=\"https:\/\/selosraros.com.br\/wp-content\/uploads\/2025\/07\/salmeron-2.jpg 954w, https:\/\/selosraros.com.br\/wp-content\/uploads\/2025\/07\/salmeron-2-300x56.jpg 300w, https:\/\/selosraros.com.br\/wp-content\/uploads\/2025\/07\/salmeron-2-768x143.jpg 768w\" sizes=\"auto, (max-width: 954px) 100vw, 954px\" \/><\/figure>\n\n\n\n<figure class=\"wp-block-image size-large\"><img loading=\"lazy\" decoding=\"async\" width=\"1024\" height=\"814\" src=\"https:\/\/selosraros.com.br\/wp-content\/uploads\/2025\/07\/56f15397111a4967a155c9285bb91da1-2-1024x814.jpg\" alt=\"\" class=\"wp-image-2017\" srcset=\"https:\/\/selosraros.com.br\/wp-content\/uploads\/2025\/07\/56f15397111a4967a155c9285bb91da1-2-1024x814.jpg 1024w, https:\/\/selosraros.com.br\/wp-content\/uploads\/2025\/07\/56f15397111a4967a155c9285bb91da1-2-300x238.jpg 300w, https:\/\/selosraros.com.br\/wp-content\/uploads\/2025\/07\/56f15397111a4967a155c9285bb91da1-2-768x610.jpg 768w, https:\/\/selosraros.com.br\/wp-content\/uploads\/2025\/07\/56f15397111a4967a155c9285bb91da1-2.jpg 1164w\" sizes=\"auto, (max-width: 1024px) 100vw, 1024px\" \/><\/figure>\n\n\n\n<hr class=\"wp-block-separator has-alpha-channel-opacity\"\/>\n\n\n\n<h2 class=\"wp-block-heading has-medium-font-size\">2 &#8211; Logue com a conta cadastrada<\/h2>\n\n\n\n<hr class=\"wp-block-separator has-alpha-channel-opacity\"\/>\n\n\n\n<h2 class=\"wp-block-heading has-medium-font-size\">3 &#8211; V\u00e1 em Registro do Vendedor e confira o c\u00f3digo enviado pro seu email e digite no espa\u00e7o em branco na p\u00e1gina do site.<\/h2>\n\n\n\n<figure class=\"wp-block-image size-full\"><img loading=\"lazy\" decoding=\"async\" width=\"980\" height=\"642\" src=\"https:\/\/selosraros.com.br\/wp-content\/uploads\/2025\/07\/5b09284ce72d4b0bab1275655b96865f.jpg\" alt=\"\" class=\"wp-image-2020\" srcset=\"https:\/\/selosraros.com.br\/wp-content\/uploads\/2025\/07\/5b09284ce72d4b0bab1275655b96865f.jpg 980w, https:\/\/selosraros.com.br\/wp-content\/uploads\/2025\/07\/5b09284ce72d4b0bab1275655b96865f-300x197.jpg 300w, https:\/\/selosraros.com.br\/wp-content\/uploads\/2025\/07\/5b09284ce72d4b0bab1275655b96865f-768x503.jpg 768w\" sizes=\"auto, (max-width: 980px) 100vw, 980px\" \/><\/figure>\n\n\n\n<hr class=\"wp-block-separator has-alpha-channel-opacity\"\/>\n\n\n\n<h2 class=\"wp-block-heading has-medium-font-size\">4 &#8211; Caso o c\u00f3digo n\u00e3o seja enviado aperte este bot\u00e3o \u2026<\/h2>\n\n\n\n<figure class=\"wp-block-image size-full\"><img loading=\"lazy\" decoding=\"async\" width=\"800\" height=\"469\" src=\"https:\/\/selosraros.com.br\/wp-content\/uploads\/2025\/07\/8edb6ad117004112a3e74d4fd051b8dc.jpg\" alt=\"\" class=\"wp-image-2021\" srcset=\"https:\/\/selosraros.com.br\/wp-content\/uploads\/2025\/07\/8edb6ad117004112a3e74d4fd051b8dc.jpg 800w, https:\/\/selosraros.com.br\/wp-content\/uploads\/2025\/07\/8edb6ad117004112a3e74d4fd051b8dc-300x176.jpg 300w, https:\/\/selosraros.com.br\/wp-content\/uploads\/2025\/07\/8edb6ad117004112a3e74d4fd051b8dc-768x450.jpg 768w\" sizes=\"auto, (max-width: 800px) 100vw, 800px\" \/><\/figure>\n\n\n\n<hr class=\"wp-block-separator has-alpha-channel-opacity\"\/>\n\n\n\n<h2 class=\"wp-block-heading has-medium-font-size\">5 &#8211; Crie sua loja e personalize com o maior numero de informa\u00e7\u00f5es poss\u00edveis e dispon\u00edveis ( Para a libera\u00e7\u00e3o total da loja tem que aguardar o ADMINISTRADOR liberar o seu acesso )<\/h2>\n\n\n\n<figure class=\"wp-block-image size-large\"><img loading=\"lazy\" decoding=\"async\" width=\"1024\" height=\"699\" src=\"https:\/\/selosraros.com.br\/wp-content\/uploads\/2025\/07\/05895d87bcdf4f85967ff2bff0f8c7a8-1024x699.jpg\" alt=\"\" class=\"wp-image-2022\" srcset=\"https:\/\/selosraros.com.br\/wp-content\/uploads\/2025\/07\/05895d87bcdf4f85967ff2bff0f8c7a8-1024x699.jpg 1024w, https:\/\/selosraros.com.br\/wp-content\/uploads\/2025\/07\/05895d87bcdf4f85967ff2bff0f8c7a8-300x205.jpg 300w, https:\/\/selosraros.com.br\/wp-content\/uploads\/2025\/07\/05895d87bcdf4f85967ff2bff0f8c7a8-768x524.jpg 768w, https:\/\/selosraros.com.br\/wp-content\/uploads\/2025\/07\/05895d87bcdf4f85967ff2bff0f8c7a8.jpg 1047w\" sizes=\"auto, (max-width: 1024px) 100vw, 1024px\" \/><\/figure>\n\n\n\n<hr class=\"wp-block-separator has-alpha-channel-opacity\"\/>\n\n\n\n<h2 class=\"wp-block-heading has-medium-font-size\">6 &#8211; Cadastre seu primeiro produto , clicando em &#8221; Produtos &#8221; &gt;&gt;&gt; &#8221; Adicionar Novo &#8221; ,&#8221; Produtos Simples &#8220;, Marcar em &#8221; Selo &#8221; e finalmente em Salvar e pronto seu produto est\u00e1 valendo na vitrine<\/h2>\n\n\n\n<figure class=\"wp-block-image size-full\"><img loading=\"lazy\" decoding=\"async\" width=\"346\" height=\"46\" src=\"https:\/\/selosraros.com.br\/wp-content\/uploads\/2025\/07\/b3d22e64886c447c88903e0b9607d133.jpg\" alt=\"\" class=\"wp-image-2025\" srcset=\"https:\/\/selosraros.com.br\/wp-content\/uploads\/2025\/07\/b3d22e64886c447c88903e0b9607d133.jpg 346w, https:\/\/selosraros.com.br\/wp-content\/uploads\/2025\/07\/b3d22e64886c447c88903e0b9607d133-300x40.jpg 300w\" sizes=\"auto, (max-width: 346px) 100vw, 346px\" \/><\/figure>\n\n\n\n<figure class=\"wp-block-image size-full\"><img loading=\"lazy\" decoding=\"async\" width=\"241\" height=\"87\" src=\"https:\/\/selosraros.com.br\/wp-content\/uploads\/2025\/07\/7f219e13f9f744c39b145e4cc80f3529.jpg\" alt=\"\" class=\"wp-image-2026\"\/><\/figure>\n\n\n\n<figure class=\"wp-block-image size-full\"><img loading=\"lazy\" decoding=\"async\" width=\"932\" height=\"78\" src=\"https:\/\/selosraros.com.br\/wp-content\/uploads\/2025\/07\/404df844bf244bdc9694e9db0b68380b.jpg\" alt=\"\" class=\"wp-image-2027\" srcset=\"https:\/\/selosraros.com.br\/wp-content\/uploads\/2025\/07\/404df844bf244bdc9694e9db0b68380b.jpg 932w, https:\/\/selosraros.com.br\/wp-content\/uploads\/2025\/07\/404df844bf244bdc9694e9db0b68380b-300x25.jpg 300w, https:\/\/selosraros.com.br\/wp-content\/uploads\/2025\/07\/404df844bf244bdc9694e9db0b68380b-768x64.jpg 768w\" sizes=\"auto, (max-width: 932px) 100vw, 932px\" \/><\/figure>\n\n\n\n<figure class=\"wp-block-image size-full\"><img loading=\"lazy\" decoding=\"async\" width=\"120\" height=\"27\" src=\"https:\/\/selosraros.com.br\/wp-content\/uploads\/2025\/07\/64c7c27ba69849e8a1f8c3f4c120fcae-2.jpg\" alt=\"\" class=\"wp-image-2028\"\/><\/figure>\n\n\n\n<figure class=\"wp-block-image size-full\"><img loading=\"lazy\" decoding=\"async\" width=\"105\" height=\"53\" src=\"https:\/\/selosraros.com.br\/wp-content\/uploads\/2025\/07\/92b64d1ca3bb4cc4be09bd8b5e40c784.jpg\" alt=\"\" class=\"wp-image-2029\"\/><\/figure>\n","protected":false},"excerpt":{"rendered":"<p>1 &#8211; Primeiro clique em Cadastre-se 2 &#8211; Logue com a conta cadastrada 3 &#8211; V\u00e1 em Registro do Vendedor e confira o c\u00f3digo enviado pro seu email e digite no espa\u00e7o em branco na p\u00e1gina do site. 4 &#8211; Caso o c\u00f3digo n\u00e3o seja enviado aperte este bot\u00e3o \u2026 5 &#8211; Crie sua loja [&hellip;]<\/p>\n","protected":false},"author":1,"featured_media":0,"parent":0,"menu_order":0,"comment_status":"closed","ping_status":"closed","template":"","meta":{"footnotes":""},"class_list":["post-2007","page","type-page","status-publish","hentry"],"_links":{"self":[{"href":"https:\/\/selosraros.com.br\/index.php?rest_route=\/wp\/v2\/pages\/2007","targetHints":{"allow":["GET"]}}],"collection":[{"href":"https:\/\/selosraros.com.br\/index.php?rest_route=\/wp\/v2\/pages"}],"about":[{"href":"https:\/\/selosraros.com.br\/index.php?rest_route=\/wp\/v2\/types\/page"}],"author":[{"embeddable":true,"href":"https:\/\/selosraros.com.br\/index.php?rest_route=\/wp\/v2\/users\/1"}],"replies":[{"embeddable":true,"href":"https:\/\/selosraros.com.br\/index.php?rest_route=%2Fwp%2Fv2%2Fcomments&post=2007"}],"version-history":[{"count":4,"href":"https:\/\/selosraros.com.br\/index.php?rest_route=\/wp\/v2\/pages\/2007\/revisions"}],"predecessor-version":[{"id":2031,"href":"https:\/\/selosraros.com.br\/index.php?rest_route=\/wp\/v2\/pages\/2007\/revisions\/2031"}],"wp:attachment":[{"href":"https:\/\/selosraros.com.br\/index.php?rest_route=%2Fwp%2Fv2%2Fmedia&parent=2007"}],"curies":[{"name":"wp","href":"https:\/\/api.w.org\/{rel}","templated":true}]}}